{"id":1387,"date":"2017-05-17T09:32:58","date_gmt":"2017-05-17T07:32:58","guid":{"rendered":"http:\/\/ernestorodriguezabad.com\/?page_id=1387"},"modified":"2017-11-13T20:20:50","modified_gmt":"2017-11-13T18:20:50","slug":"poemas","status":"publish","type":"page","link":"https:\/\/ernestorodriguezabad.com\/?page_id=1387","title":{"rendered":"Poemas"},"content":{"rendered":"<blockquote>\n<p style=\"text-align: center;\">La poes\u00eda surge cuando un sue\u00f1o se convierte en palabra. Los versos juegan y se retuercen, suben y bajan, chocan y estallan como fuegos artificiales, descienden por toboganes de agua o se esconden en bosques de \u00e1rboles m\u00e1gicos.<br \/>\nLa poes\u00eda es un viaje al mundo de los sentimientos, de las emociones. En estas p\u00e1ginas te ofrezco mis poemas para so\u00f1ar, para sentir, para pensar, para sonre\u00edr.<\/p>\n<\/blockquote>\n<p style=\"text-align: center;\">&nbsp;<\/p>\n<h3>[learn_more caption=\u00bbAmanecer\u00bb] Ernesto Rodr\u00edguez Abad[\/learn_more]<\/h3>\n<div>Jirones de s\u00e1banas viejas,<\/div>\n<div>las nubes, hu\u00edan de un cielo<\/div>\n<div>cansado.<\/div>\n<div>La tierra esperaba ansiosa<\/div>\n<div>una lluvia de sue\u00f1os y magias:<\/div>\n<div>amanec\u00eda.<\/div>\n<div>Pedazos de vidas lloraban cansadas<\/div>\n<div>sobre monta\u00f1as fuego y de lava.<\/div>\n<div>Y un sol ciego, cruel<\/div>\n<div>arrojaba a la tierra bostezos<\/div>\n<div>de fuego.<\/div>\n<div>&nbsp;<\/div>\n<div>\n<h3 class=\"category-title\">[learn_more caption=\u00bb\u00bfD\u00f3nde se esconde la paz?\u00bb] Ernesto Rodr\u00edguez Abad[\/learn_more]<\/h3>\n<\/div>\n<div>&nbsp;<\/div>\n<div>Buscaba asustado&nbsp;<\/div>\n<div>entre los escombros<\/div>\n<div>un trozo de cielo.<\/div>\n<div>El ni\u00f1o en suspiros&nbsp;<\/div>\n<div>y sonrisas leves<\/div>\n<div>su miedo escond\u00eda.<\/div>\n<div>\u00bfD\u00f3nde est\u00e1 la paz?<\/div>\n<div>El ni\u00f1o corr\u00eda<\/div>\n<div>por el campo fr\u00edo<\/div>\n<div>y el mundo era un muro.<\/div>\n<div>No lo comprend\u00eda.<\/div>\n<div>\u00bfD\u00f3nde est\u00e1 la paz?<\/div>\n<div>El valiente ni\u00f1o&nbsp;<\/div>\n<div>le tendi\u00f3 la mano&nbsp;<\/div>\n<div>a otros que sucios&nbsp;<\/div>\n<div>y hambrientos hu\u00edan&nbsp;<\/div>\n<div>en busca de un cuento<\/div>\n<div>donde reinan hadas,&nbsp;<\/div>\n<div>duendes y sonrisas.<\/div>\n<div>\u00bfD\u00f3nde est\u00e1 la paz?<\/div>\n<div>Les hab\u00edan dicho&nbsp;<\/div>\n<div>que era una paloma.<\/div>\n<div>Miraron al cielo,&nbsp;<\/div>\n<div>all\u00ed no volaba.<\/div>\n<div>\u00bfD\u00f3nde est\u00e1 la paz?<\/div>\n<div>Les hab\u00edan dicho<\/div>\n<div>que un d\u00eda vendr\u00eda.<\/div>\n<div>Se oy\u00f3 tras las nubes&nbsp;<\/div>\n<div>un eco de voces&nbsp;<\/div>\n<div>venidas de un sue\u00f1o.<\/div>\n<div>Las manos temblaban&nbsp;<\/div>\n<div>tras lluvia de plumas.<\/div>\n<div>\u00bfD\u00f3nde est\u00e1 la paz?<\/div>\n<div>Sollozaba el viento.<\/div>\n<div>\u00bfD\u00f3nde est\u00e1 la paz?<\/div>\n<div>Murmuraba el ni\u00f1o.<\/div>\n<div>El muro ca\u00eda.<\/div>\n<div>Piedras y sonrisas\u2026<\/div>\n<div>Vol\u00f3 una paloma\u2026<\/div>\n<p style=\"text-align: left;\">&nbsp;<\/p>\n<p style=\"text-align: left;\">[learn_more caption=\u00bbPescador de estrellas\u00bb] Ernesto Rodr\u00edguez Abad[\/learn_more]<\/p>\n<p style=\"text-align: left;\">Sentado en una nube,&nbsp;<br \/>\nso\u00f1ador incurable,&nbsp;<br \/>\ncompite con los gatos,&nbsp;<br \/>\ncreyendo que en la luna&nbsp;<br \/>\nhabita la poes\u00eda.<br \/>\nChistera&nbsp;<br \/>\nCon anzuelo de luz,&nbsp;<br \/>\npesca estrellas fugaces&nbsp;<br \/>\ny cabalga en su cola&nbsp;<br \/>\ntras quimeras y sue\u00f1os.<br \/>\nNo despiertes jam\u00e1s&nbsp;<br \/>\nbuscador insaciable&nbsp;<br \/>\nde mundos irreales,<br \/>\nde palabras perdidas,&nbsp;<br \/>\nde momentos y vidas<br \/>\ndonde reine la paz,&nbsp;<br \/>\ndonde viva una ni\u00f1a&nbsp;<br \/>\nde mirada de n\u00e1car&nbsp;<br \/>\ny sonrisa de hada.<\/p>\n<p style=\"text-align: left;\">&nbsp;<\/p>\n<p style=\"text-align: left;\">[learn_more caption=\u00bbPalabras\u00bb] Ernesto Rodr\u00edguez abad[\/learn_more]<\/p>\n<p style=\"text-align: left;\">Hay palabras que vuelan<br \/>\nHay palabras que manchan<br \/>\nHay palabras que matan<br \/>\nHay palabras que hieren<br \/>\nHay palabras que mueres<br \/>\nHay palabras malditas<br \/>\nHay palabras proscritas<br \/>\nHay palabras prohibidas<br \/>\nHay palabras olvido<br \/>\nHay palabras martirio<br \/>\nHay palabras suspiro<br \/>\nHay palabras caricia<br \/>\nHay palabras de arena<br \/>\nHay palabras de sol<br \/>\nHay palabras de mar<br \/>\nHay palabras que queman<br \/>\nHay palabras que aman<br \/>\nHay palabras que penan<br \/>\nHay palabras palabras.<\/p>\n<p style=\"text-align: left;\">&nbsp;<\/p>\n<p style=\"text-align: left;\">[learn_more caption=\u00bb\u00bfQu\u00e9 sab\u00edan ellos de la guerra?\u00bb] Ernesto Rodr\u00edguez Abad[\/learn_more]<\/p>\n<div>\u00bfQu\u00e9 sab\u00edan ellos de la guerra?<\/div>\n<div>\u00bfQu\u00e9 ten\u00edan que ver con la ambici\u00f3n,<\/div>\n<div>el odio y el hambre de poder?<\/div>\n<div>Apenas hab\u00edan comenzado<\/div>\n<div>a vivir.<\/div>\n<div>Apenas balbuceaban palabras<\/div>\n<div>inocentes.<\/div>\n<div>Ten\u00edan un fusil hecho<\/div>\n<div>con tablas rotas\u2026<\/div>\n<div>Cre\u00edan que jugaban.<\/div>\n<div>\u00bfQu\u00e9 sab\u00edan ellos de la guerra?<\/div>\n<div>Ten\u00edan avi\u00f3n hecho<\/div>\n<div>de trozos de peri\u00f3dicos\u2026<\/div>\n<div>Cre\u00edan que volaban.<\/div>\n<div>Pensaban que del cielo<\/div>\n<div>las estrellas fugaces<\/div>\n<div>\u00fanicamente caen,<\/div>\n<div>aquel d\u00eda de julio<\/div>\n<div>cay\u00f3 la muerte a ciegas.<\/div>\n<div>Siete ni\u00f1os murieron<\/div>\n<div>sin poder escribir la paz<\/div>\n<div>en el cuaderno.<\/div>\n","protected":false},"excerpt":{"rendered":"<p>La poes\u00eda surge cuando un sue\u00f1o se convierte en palabra. Los versos juegan y se retuercen, suben y bajan, chocan y estallan como fuegos artificiales, descienden por toboganes de agua o se esconden en bosques de \u00e1rboles m\u00e1gicos. La poes\u00eda es un viaje al mundo de los sentimientos, de las emociones. En estas p\u00e1ginas te [&hellip;]<\/p>\n","protected":false},"author":1,"featured_media":0,"parent":0,"menu_order":0,"comment_status":"closed","ping_status":"closed","template":"","meta":{"_monsterinsights_skip_tracking":false,"_monsterinsights_sitenote_active":false,"_monsterinsights_sitenote_note":"","_monsterinsights_sitenote_category":0,"ngg_post_thumbnail":0,"footnotes":""},"class_list":["post-1387","page","type-page","status-publish","hentry"],"aioseo_notices":[],"_links":{"self":[{"href":"https:\/\/ernestorodriguezabad.com\/index.php?rest_route=\/wp\/v2\/pages\/1387","targetHints":{"allow":["GET"]}}],"collection":[{"href":"https:\/\/ernestorodriguezabad.com\/index.php?rest_route=\/wp\/v2\/pages"}],"about":[{"href":"https:\/\/ernestorodriguezabad.com\/index.php?rest_route=\/wp\/v2\/types\/page"}],"author":[{"embeddable":true,"href":"https:\/\/ernestorodriguezabad.com\/index.php?rest_route=\/wp\/v2\/users\/1"}],"replies":[{"embeddable":true,"href":"https:\/\/ernestorodriguezabad.com\/index.php?rest_route=%2Fwp%2Fv2%2Fcomments&post=1387"}],"version-history":[{"count":15,"href":"https:\/\/ernestorodriguezabad.com\/index.php?rest_route=\/wp\/v2\/pages\/1387\/revisions"}],"predecessor-version":[{"id":2386,"href":"https:\/\/ernestorodriguezabad.com\/index.php?rest_route=\/wp\/v2\/pages\/1387\/revisions\/2386"}],"wp:attachment":[{"href":"https:\/\/ernestorodriguezabad.com\/index.php?rest_route=%2Fwp%2Fv2%2Fmedia&parent=1387"}],"curies":[{"name":"wp","href":"https:\/\/api.w.org\/{rel}","templated":true}]}}