{"id":81,"date":"2012-04-19T19:52:56","date_gmt":"2012-04-19T17:52:56","guid":{"rendered":"http:\/\/ernestorodriguezabad.com\/wordpress\/?page_id=81"},"modified":"2012-04-19T19:52:56","modified_gmt":"2012-04-19T17:52:56","slug":"81","status":"publish","type":"page","link":"https:\/\/ernestorodriguezabad.com\/?page_id=81","title":{"rendered":""},"content":{"rendered":"<h4 style=\"text-align: justify;\"><span style=\"color: #1b1b1b;\">Noticieros, mentiras y quimeras<\/span><\/h4>\n<p><span style=\"color: #1b1b1b;\"> <\/span><\/p>\n<p style=\"text-align: justify;\"><span style=\"color: #1b1b1b;\">Hoy decid\u00ed redactar las noticias del d\u00eda. Pens\u00e9 que solo hab\u00eda que tener buen olfato, como los sabuesos, y una mirada de halc\u00f3n. Sal\u00ed a la calle dispuesto a rastrear los sucesos, los hechos, los acontecimientos que hab\u00edan marcado la jornada. Tambi\u00e9n quer\u00eda buscar personajes interesantes; hombres o mujeres merecedores de ocupar unos minutos en las oscuras vidas de los dem\u00e1s.<\/span><\/p>\n<p style=\"text-align: justify;\"><span style=\"color: #1b1b1b;\">Era dif\u00edcil mi cometido. No sab\u00eda por d\u00f3nde empezar. No soy periodista. S\u00f3lo soy un curioso observador, un espejo en el que se reflejan las cosas, una esponja que se empapa de las voces que pasan a su lado. Era complicado mi empe\u00f1o. Noticia era definida por la academia de la lengua como \u00abcontenido de una comunicaci\u00f3n antes desconocida\u00bb o como \u00abhecho divulgativo\u00bb. Era complicada mi encomienda. \u00bfQu\u00e9 hechos son los importantes? \u00bfQu\u00e9 es lo desconocido? \u00bfQu\u00e9 tenemos que conocer, o desvelar? Miles de preguntas bull\u00edan en mi interior. \u00a1Ser original en este mundo! \u00a1Cosa complicada!Los primeros incidentes que consider\u00e9 merecedores de encabezar mi noticiero se parec\u00edan demasiado a los que aparecen en todos los informativos. Las agencias y los encargados de recoger lo acontecido durante un d\u00eda est\u00e1n demasiado contaminados. Los sue\u00f1os huyen despavoridos en las noches. Todo es un estereotipo.<\/span><\/p>\n<p style=\"text-align: justify;\"><span style=\"color: #1b1b1b;\">Yo quer\u00eda investigar hasta lo m\u00e1s escondido o extra\u00f1o y llegar a redactar un parte realmente extraordinario. Me aburr\u00ed escuch\u00e1ndome a m\u00ed mismo. Era repetitivo. Nada resultaba original, distinto, especial&#8230; \u00a1El mundo no pod\u00eda ser tan anodino! No quise doblegarme a una realidad impuesta, no cre\u00ed que todo fuese tan plano. Asesinos, especuladores, corruptos, indecentes personajillos de la alta sociedad o famosillos de actualidad volv\u00edan a ser los protagonistas de los macabros relatos que llenaban las p\u00e1ginas de mis apuntes emborronados de sangre, hurtos, malversaciones, raptos, violaciones de derechos&#8230; \u00bfEs eso todo? \u00bfEs lo \u00fanico que hace la humanidad d\u00eda tras d\u00eda? Sab\u00eda que ten\u00eda que buscar m\u00e1s. Me sent\u00e9 frente al horizonte borroso del atardecer. All\u00ed estaba mi respuesta.<\/span><\/p>\n<p style=\"text-align: justify;\"><span style=\"color: #1b1b1b;\">La \u00fanica manera era cambiar la mirada.<\/span><\/p>\n<p style=\"text-align: justify;\"><span style=\"color: #1b1b1b;\">Nos ense\u00f1an a ver el mundo solo desde una \u00fanica perspectiva. Tenemos capacidad para verlo desde otros prismas. Fue maravilloso. Me sorprend\u00ed descubriendo los otros colores y las formas variadas que tiene la vida.<\/span><\/p>\n<p style=\"text-align: justify;\"><span style=\"color: #1b1b1b;\">Por la noche los sue\u00f1os regresaron. Mis apuntes de tintas indecisas fueron tomando otras formas, matices y colores.<\/span><\/p>\n<p style=\"text-align: justify;\"><span style=\"color: #1b1b1b;\">Buenas noches, queridos y queridas oyentes:<\/span><\/p>\n<p style=\"text-align: justify;\"><span style=\"color: #1b1b1b;\">Hoy han pasado cosas inauditas. El atardecer ha clausurado un d\u00eda llenando el cielo de colores inesperados. All\u00ed pude reflexionar sobre mis escritos y redactar este noticiero.<\/span><\/p>\n<p style=\"text-align: justify;\"><span style=\"color: #1b1b1b;\">Hoy una ni\u00f1a se ha levantado m\u00e1s temprano de lo habitual. Vive en un lejano pa\u00eds, aunque no es muy diferente de nuestra vecina. Iba por primera vez a la escuela, aunque que tiene diez a\u00f1os. En la peque\u00f1a habitaci\u00f3n de bloques, en medio de la sabana, re\u00eda feliz cantando las canciones de sus antepasados. Era la primera vez que ve\u00eda escribir sobre un pizarr\u00f3n negro con tiza blanca.<\/span><\/p>\n<p style=\"text-align: justify;\"><span style=\"color: #1b1b1b;\">Esta ma\u00f1ana los mercados, los verdaderos mercados, a los que va la gente a comprar y a  hablar de los asuntos m\u00e1s inesperados, se han llenado de flores. Ha estallado una primavera de colores. La gente compraba ramilletes de violetas, pensamientos o gladiolos. Sonre\u00edan. La humanidad volvi\u00f3 a sonre\u00edr.<\/span><\/p>\n<p style=\"text-align: justify;\"><span style=\"color: #1b1b1b;\">A la hora del mediod\u00eda un mendigo reencontr\u00f3 a su esposa. Un d\u00eda ella sali\u00f3 a comprar y no regres\u00f3. \u00c9l no volvi\u00f3 a entrar en la casa solitaria. La esperaba en un banco del parque, recibiendo limosnas de la gente. All\u00ed se hab\u00edan conocido, all\u00ed se volvieron a reencontrar.<\/span><\/p>\n<p style=\"text-align: justify;\"><span style=\"color: #1b1b1b;\">Esta tarde fue visto un concejal en bicicleta en un barrio sombr\u00edo y gris. Arrancaba tristeza de las fachadas y empapelaba de alegr\u00eda las caras de los transe\u00fantes.<\/span><\/p>\n<p style=\"text-align: justify;\"><span style=\"color: #1b1b1b;\">Unos terroristas tiraron bombas llenas de confeti sobre sus enemigos. La broma surti\u00f3 efecto y cuentan que se est\u00e1 firmando un tratado de paz mundial.<\/span><\/p>\n<p style=\"text-align: justify;\"><span style=\"color: #1b1b1b;\">Una India, que vend\u00eda antiguas hierbas medicinales a turistas aburridos en los Andes lejanos, cur\u00f3 de melancol\u00eda a un millonario y compulsivo comprador.<\/span><\/p>\n<p style=\"text-align: justify;\"><span style=\"color: #1b1b1b;\">Tambi\u00e9n alguien se enamor\u00f3, una persona recibi\u00f3 una hermosa carta, un joven decidi\u00f3 estudiar filantrop\u00eda y un anciano muri\u00f3 tranquilo.<\/span><\/p>\n<p style=\"text-align: justify;\"><span style=\"color: #1b1b1b;\">Como todas las jornadas se cometieron algunos atropellos, se asesin\u00f3 a un ciudadano an\u00f3nimo, los indecentes raptaron, atracaron, cometieron violaciones&#8230;<\/span><\/p>\n<p style=\"text-align: justify;\"><span style=\"color: #1b1b1b;\">Los corruptos llenaron bolsas de dinero y papeles comprometedores, los pol\u00edticos volvieron a so\u00f1ar con el poder por el poder y los economistas se encerraron en ecuaciones interminables, perdidos en los laberintos de mercados en los que no llegan las flores de la primavera. Pero de estos casos, poco atractivos para la humanidad, se ocupar\u00e1n los jueces, los gobiernos, los responsables de la econom\u00eda&#8230;<\/span><\/p>\n<p style=\"text-align: justify;\"><span style=\"color: #1b1b1b;\">Nosotros, los que hemos cambiado la mirada por unos lentes de coral y n\u00e1car seguiremos informando y pescando noticias al atardecer.<\/span><\/p>\n<p style=\"text-align: right;\"><span style=\"color: #1b1b1b;\"><em>Ernesto Rodriguez Abad <\/em><\/span><\/p>\n","protected":false},"excerpt":{"rendered":"<p>Noticieros, mentiras y quimeras Hoy decid\u00ed redactar las noticias del d\u00eda. Pens\u00e9 que solo hab\u00eda que tener buen olfato, como los sabuesos, y una mirada de halc\u00f3n. Sal\u00ed a la calle dispuesto a rastrear los sucesos, los hechos, los acontecimientos que hab\u00edan marcado la jornada. Tambi\u00e9n quer\u00eda buscar personajes interesantes; hombres o mujeres merecedores de [&hellip;]<\/p>\n","protected":false},"author":3,"featured_media":0,"parent":0,"menu_order":0,"comment_status":"open","ping_status":"open","template":"","meta":{"_monsterinsights_skip_tracking":false,"_monsterinsights_sitenote_active":false,"_monsterinsights_sitenote_note":"","_monsterinsights_sitenote_category":0,"ngg_post_thumbnail":0,"footnotes":""},"class_list":["post-81","page","type-page","status-publish","hentry"],"aioseo_notices":[],"_links":{"self":[{"href":"https:\/\/ernestorodriguezabad.com\/index.php?rest_route=\/wp\/v2\/pages\/81","targetHints":{"allow":["GET"]}}],"collection":[{"href":"https:\/\/ernestorodriguezabad.com\/index.php?rest_route=\/wp\/v2\/pages"}],"about":[{"href":"https:\/\/ernestorodriguezabad.com\/index.php?rest_route=\/wp\/v2\/types\/page"}],"author":[{"embeddable":true,"href":"https:\/\/ernestorodriguezabad.com\/index.php?rest_route=\/wp\/v2\/users\/3"}],"replies":[{"embeddable":true,"href":"https:\/\/ernestorodriguezabad.com\/index.php?rest_route=%2Fwp%2Fv2%2Fcomments&post=81"}],"version-history":[{"count":2,"href":"https:\/\/ernestorodriguezabad.com\/index.php?rest_route=\/wp\/v2\/pages\/81\/revisions"}],"predecessor-version":[{"id":1901,"href":"https:\/\/ernestorodriguezabad.com\/index.php?rest_route=\/wp\/v2\/pages\/81\/revisions\/1901"}],"wp:attachment":[{"href":"https:\/\/ernestorodriguezabad.com\/index.php?rest_route=%2Fwp%2Fv2%2Fmedia&parent=81"}],"curies":[{"name":"wp","href":"https:\/\/api.w.org\/{rel}","templated":true}]}}